{"id":45,"date":"2021-02-08T17:44:23","date_gmt":"2021-02-08T17:44:23","guid":{"rendered":"https:\/\/luisaschaupp-studium.de\/?page_id=45"},"modified":"2022-06-23T17:16:45","modified_gmt":"2022-06-23T17:16:45","slug":"startseite","status":"publish","type":"page","link":"https:\/\/luisaschaupp-studium.de\/","title":{"rendered":"Hybride Realit\u00e4ten"},"content":{"rendered":"<section class=\"l-section wpb_row height_full valign_center with_img parallax_fixed\" id=\"hybriderealitaeten\"><div class=\"l-section-img\" style=\"background-image: url(https:\/\/luisaschaupp-studium.de\/wp-content\/uploads\/2021\/04\/Sequenz-01.gif);\" data-img-width=\"1920\" data-img-height=\"1080\"><\/div><div class=\"l-section-h i-cf\"><div class=\"g-cols vc_row type_default valign_top\"><div class=\"vc_col-sm-12 wpb_column vc_column_container\"><div class=\"vc_column-inner\"><div class=\"wpb_wrapper\"><h1 class=\"w-text us_custom_4660c5f6 has_text_color\"><span class=\"w-text-h\"><span class=\"w-text-value\">HYBRIDE REALIT\u00c4TEN<\/span><\/span><\/h1><div class=\"w-text us_custom_819e9238 has_text_color\"><span class=\"w-text-h\"><span class=\"w-text-value\">Wie leben, arbeiten und lernen wir in der Zukunft?<\/span><\/span><\/div><\/div><\/div><\/div><\/div><\/div><\/section><section class=\"l-section wpb_row us_custom_735386f5 height_large parallax_hor bgwidth_130 with_overlay\" id=\"zukunftsgedanken\"><div class=\"l-section-overlay\" style=\"background: rgba(255,255,255,0.50)\"><\/div><div class=\"l-section-h i-cf\"><div class=\"g-cols vc_row type_default valign_top\"><div class=\"vc_col-sm-12 wpb_column vc_column_container has-fill\" id=\"#Zukunftsgedanken\"><div class=\"vc_column-inner us_custom_735386f5\"><div class=\"wpb_wrapper\"><h2 class=\"w-text us_custom_5eea9747\"><span class=\"w-text-h\"><span class=\"w-text-value\">Zukunftsgedanken<\/span><\/span><\/h2><div class=\"wpb_text_column us_custom_a610590f\" ><div class=\"wpb_wrapper\"><p>Die Zukunft ist nicht vorherzusehen und bleibt ungewiss. Dennoch ist eine Entwicklung in unserem Alltag erkennbar, beispielsweise mit der <strong>Verkn\u00fcpfung von Leben, Arbeiten und Lernen.<\/strong> Vor allem wirkt sich aber die <strong>Digitalisierung<\/strong> zunehmend auf unser gesamtes Umfeld aus. Dabei stellen sich oft Fragen, wie unser Leben in der Zukunft sein k\u00f6nnte bzw. sein wird. Man meint die Realit\u00e4ten vermischen sich zunehmend, sodass eine <strong>hybride Realit\u00e4t<\/strong> entsteht. Die Diploma Hochschule hat sich mit dem Thema auseinandergesetzt und versucht dabei als <strong>Anbieter von Fernstudieng\u00e4ngen<\/strong> gleichzeitig den Bed\u00fcrfnissen des Einzelnen und den Fortschritten in der Entwicklung gerecht zu werden.<\/p>\n<\/div><\/div><div class=\"w-grid us_custom_4b37d2f3 type_grid layout_portfolio_6 cols_3 with_css_animation ratio_1x1\" id=\"us_grid_1\" data-filterable=\"true\"><style id=\"us_grid_1_css\">#us_grid_1 .w-grid-item{padding:1.5rem}#us_grid_1 .w-grid-list{margin:-1.5rem}.w-grid + #us_grid_1 .w-grid-list{margin-top:1.5rem}@media (max-width:899px){#us_grid_1 .w-grid-item{width:50.0000%}#us_grid_1 .w-grid-item.size_2x1,#us_grid_1 .w-grid-item.size_2x2{width:100.0000%}}@media (max-width:599px){#us_grid_1 .w-grid-list{margin:0}#us_grid_1 .w-grid-item{width:100.0000%;padding:0;margin-bottom:1.5rem}}<\/style><style>.layout_portfolio_6 .w-grid-item-h:before{padding-bottom:100.0000%}@media (min-width:600px){.layout_portfolio_6 .w-grid-item.size_1x2 .w-grid-item-h:before{padding-bottom:calc(200.0000% + 1.5rem + 1.5rem)}.layout_portfolio_6 .w-grid-item.size_2x1 .w-grid-item-h:before{padding-bottom:calc(50.0000% - 1.5rem * 1.0000)}.layout_portfolio_6 .w-grid-item.size_2x2 .w-grid-item-h:before{padding-bottom:calc(100.0000% - 1.5rem * 0)}}.layout_portfolio_6 .w-grid-item-h{}.layout_portfolio_6 .usg_post_image_1{transition-duration:0.3s;transform-origin:50% 50%;transform:scale(1) translate(0,0)}.layout_portfolio_6 .w-grid-item-h:hover .usg_post_image_1{transform:scale(1) translate(0,0);opacity:0.1}.layout_portfolio_6 .usg_vwrapper_1{transition-duration:0.3s;transform-origin:50% 50%;transform:scale(1.5) translate(0,0);opacity:0}.layout_portfolio_6 .w-grid-item-h:hover .usg_vwrapper_1{transform:scale(1) translate(0,0);opacity:1}.layout_portfolio_6 .usg_post_image_1{position:absolute!important;top:0!important;right:0!important;bottom:0!important;left:0!important}.layout_portfolio_6 .usg_vwrapper_1{position:absolute!important;top:0!important;right:0!important;bottom:0!important;left:0!important;padding:2rem!important}.layout_portfolio_6 .usg_post_title_1{color:inherit!important;font-size:1.4rem!important}<\/style><div class=\"w-grid-list\" >\t<article class=\"w-grid-item animate_afc size_1x1 post-204 us_portfolio type-us_portfolio status-publish has-post-thumbnail hentry\" data-id=\"204\" style=\"animation-delay:0s\">\r\n\t\t<div class=\"w-grid-item-h\" style=\"background:rgba(184,217,11,0.85);color:var(--color-header-middle-bg);\">\r\n\t\t\t\t\t\t<div class=\"w-post-elm post_image usg_post_image_1 stretched\"><img width=\"1024\" height=\"1024\" src=\"https:\/\/luisaschaupp-studium.de\/wp-content\/uploads\/2021\/02\/AdobeStock_91685309_b_ausschnitt-1024x1024.jpg\" class=\"attachment-large size-large wp-post-image\" alt=\"\" loading=\"lazy\" srcset=\"https:\/\/luisaschaupp-studium.de\/wp-content\/uploads\/2021\/02\/AdobeStock_91685309_b_ausschnitt-1024x1024.jpg 1024w, https:\/\/luisaschaupp-studium.de\/wp-content\/uploads\/2021\/02\/AdobeStock_91685309_b_ausschnitt-300x300.jpg 300w, https:\/\/luisaschaupp-studium.de\/wp-content\/uploads\/2021\/02\/AdobeStock_91685309_b_ausschnitt-150x150.jpg 150w, https:\/\/luisaschaupp-studium.de\/wp-content\/uploads\/2021\/02\/AdobeStock_91685309_b_ausschnitt-1000x1000.jpg 1000w, https:\/\/luisaschaupp-studium.de\/wp-content\/uploads\/2021\/02\/AdobeStock_91685309_b_ausschnitt-1100x1100.jpg 1100w, https:\/\/luisaschaupp-studium.de\/wp-content\/uploads\/2021\/02\/AdobeStock_91685309_b_ausschnitt-400x400.jpg 400w, https:\/\/luisaschaupp-studium.de\/wp-content\/uploads\/2021\/02\/AdobeStock_91685309_b_ausschnitt.jpg 1997w\" sizes=\"(max-width: 1024px) 100vw, 1024px\" \/><\/div><div class=\"w-vwrapper usg_vwrapper_1 align_center valign_middle\"><h2 class=\"w-post-elm post_title usg_post_title_1 entry-title color_link_inherit has_text_color\">Wie leben wir in der Zukunft?<\/h2><\/div>\t\t<\/div>\r\n\t<\/article>\r\n\t<article class=\"w-grid-item animate_afc size_1x1 post-277 us_portfolio type-us_portfolio status-publish has-post-thumbnail hentry\" data-id=\"277\" style=\"animation-delay:0.1s\">\r\n\t\t<div class=\"w-grid-item-h\" style=\"background:rgba(184,217,11,0.85);color:var(--color-header-middle-bg);\">\r\n\t\t\t\t\t\t<div class=\"w-post-elm post_image usg_post_image_1 stretched\"><img width=\"1024\" height=\"1024\" src=\"https:\/\/luisaschaupp-studium.de\/wp-content\/uploads\/2021\/02\/AdobeStock_124971673bv-1024x1024.jpg\" class=\"attachment-large size-large wp-post-image\" alt=\"\" loading=\"lazy\" srcset=\"https:\/\/luisaschaupp-studium.de\/wp-content\/uploads\/2021\/02\/AdobeStock_124971673bv-1024x1024.jpg 1024w, https:\/\/luisaschaupp-studium.de\/wp-content\/uploads\/2021\/02\/AdobeStock_124971673bv-300x300.jpg 300w, https:\/\/luisaschaupp-studium.de\/wp-content\/uploads\/2021\/02\/AdobeStock_124971673bv-150x150.jpg 150w, https:\/\/luisaschaupp-studium.de\/wp-content\/uploads\/2021\/02\/AdobeStock_124971673bv-1000x1000.jpg 1000w, https:\/\/luisaschaupp-studium.de\/wp-content\/uploads\/2021\/02\/AdobeStock_124971673bv-1100x1100.jpg 1100w, https:\/\/luisaschaupp-studium.de\/wp-content\/uploads\/2021\/02\/AdobeStock_124971673bv-400x400.jpg 400w, https:\/\/luisaschaupp-studium.de\/wp-content\/uploads\/2021\/02\/AdobeStock_124971673bv-2000x2000.jpg 2000w\" sizes=\"(max-width: 1024px) 100vw, 1024px\" \/><\/div><div class=\"w-vwrapper usg_vwrapper_1 align_center valign_middle\"><h2 class=\"w-post-elm post_title usg_post_title_1 entry-title color_link_inherit has_text_color\">Wie arbeiten wir in der Zukunft?<\/h2><\/div>\t\t<\/div>\r\n\t<\/article>\r\n\t<article class=\"w-grid-item animate_afc size_1x1 post-279 us_portfolio type-us_portfolio status-publish has-post-thumbnail hentry\" data-id=\"279\" style=\"animation-delay:0.2s\">\r\n\t\t<div class=\"w-grid-item-h\" style=\"background:rgba(184,217,11,0.85);color:var(--color-header-middle-bg);\">\r\n\t\t\t\t\t\t<div class=\"w-post-elm post_image usg_post_image_1 stretched\"><img width=\"1024\" height=\"1024\" src=\"https:\/\/luisaschaupp-studium.de\/wp-content\/uploads\/2021\/02\/AdobeStock_103519056_b_ausschnitt-1024x1024.jpg\" class=\"attachment-large size-large wp-post-image\" alt=\"\" loading=\"lazy\" srcset=\"https:\/\/luisaschaupp-studium.de\/wp-content\/uploads\/2021\/02\/AdobeStock_103519056_b_ausschnitt-1024x1024.jpg 1024w, https:\/\/luisaschaupp-studium.de\/wp-content\/uploads\/2021\/02\/AdobeStock_103519056_b_ausschnitt-300x300.jpg 300w, https:\/\/luisaschaupp-studium.de\/wp-content\/uploads\/2021\/02\/AdobeStock_103519056_b_ausschnitt-150x150.jpg 150w, https:\/\/luisaschaupp-studium.de\/wp-content\/uploads\/2021\/02\/AdobeStock_103519056_b_ausschnitt-1000x1000.jpg 1000w, https:\/\/luisaschaupp-studium.de\/wp-content\/uploads\/2021\/02\/AdobeStock_103519056_b_ausschnitt-1100x1100.jpg 1100w, https:\/\/luisaschaupp-studium.de\/wp-content\/uploads\/2021\/02\/AdobeStock_103519056_b_ausschnitt-400x400.jpg 400w, https:\/\/luisaschaupp-studium.de\/wp-content\/uploads\/2021\/02\/AdobeStock_103519056_b_ausschnitt-1200x1200.jpg 1200w, https:\/\/luisaschaupp-studium.de\/wp-content\/uploads\/2021\/02\/AdobeStock_103519056_b_ausschnitt-2000x2000.jpg 2000w\" sizes=\"(max-width: 1024px) 100vw, 1024px\" \/><\/div><div class=\"w-vwrapper usg_vwrapper_1 align_center valign_middle\"><h2 class=\"w-post-elm post_title usg_post_title_1 entry-title color_link_inherit has_text_color\">Wie lernen wir in der Zukunft?<\/h2><\/div>\t\t<\/div>\r\n\t<\/article>\r\n<\/div><div class=\"w-grid-preloader\"><div class=\"g-preloader type_1\">\r\n\t<div><\/div>\r\n<\/div>\r\n<\/div>\t<div class=\"w-grid-json hidden\" onclick='return {&quot;action&quot;:&quot;us_ajax_grid&quot;,&quot;ajax_url&quot;:&quot;https:\\\/\\\/luisaschaupp-studium.de\\\/wp-admin\\\/admin-ajax.php&quot;,&quot;infinite_scroll&quot;:0,&quot;max_num_pages&quot;:1,&quot;pagination&quot;:&quot;none&quot;,&quot;permalink_url&quot;:&quot;https:\\\/\\\/luisaschaupp-studium.de&quot;,&quot;template_vars&quot;:{&quot;columns&quot;:&quot;3&quot;,&quot;exclude_items&quot;:&quot;none&quot;,&quot;img_size&quot;:&quot;default&quot;,&quot;ignore_items_size&quot;:false,&quot;items_layout&quot;:&quot;portfolio_6&quot;,&quot;items_offset&quot;:&quot;1&quot;,&quot;load_animation&quot;:&quot;afc&quot;,&quot;overriding_link&quot;:&quot;none&quot;,&quot;post_id&quot;:45,&quot;query_args&quot;:{&quot;post_type&quot;:[&quot;us_portfolio&quot;],&quot;post_status&quot;:[&quot;publish&quot;],&quot;posts_per_page&quot;:&quot;10&quot;},&quot;orderby_query_args&quot;:{&quot;orderby&quot;:{&quot;date&quot;:&quot;ASC&quot;}},&quot;type&quot;:&quot;grid&quot;,&quot;us_grid_ajax_index&quot;:1,&quot;us_grid_filter_params&quot;:null,&quot;us_grid_index&quot;:1,&quot;_us_grid_post_type&quot;:&quot;us_portfolio&quot;}}'><\/div>\r\n\t<\/div><\/div><\/div><\/div><\/div><\/div><\/section><section class=\"l-section wpb_row us_custom_1f5f827b height_large with_shape\"><div class=\"l-section-shape type_triangle pos_bottom\" style=\"color:var(--color-content-bg);height:90%;\"><svg xmlns=\"http:\/\/www.w3.org\/2000\/svg\" viewBox=\"0 0 64 8\" preserveAspectRatio=\"none\" width=\"100%\" height=\"100%\">\r\n\t<path fill=\"currentColor\" d=\"M64 8 L0 8 L0 0 L32 7.9 L64 0 Z\"\/>\r\n<\/svg><\/div><div class=\"l-section-h i-cf\"><div class=\"g-cols vc_row type_default valign_top\"><div class=\"vc_col-sm-12 wpb_column vc_column_container\"><div class=\"vc_column-inner\"><div class=\"wpb_wrapper\"><\/div><\/div><\/div><\/div><\/div><\/section><section class=\"l-section wpb_row height_large\" id=\"leben\"><div class=\"l-section-h i-cf\"><div class=\"g-cols vc_row type_default valign_top\"><div class=\"vc_col-sm-12 wpb_column vc_column_container\"><div class=\"vc_column-inner\"><div class=\"wpb_wrapper\"><h2 class=\"w-text us_custom_185fec3e\"><span class=\"w-text-h\"><span class=\"w-text-value\">Wie leben wir in der Zukunft?<\/span><\/span><\/h2><\/div><\/div><\/div><div class=\"vc_col-sm-6 wpb_column vc_column_container\"><div class=\"vc_column-inner\"><div class=\"wpb_wrapper\"><div class=\"wpb_text_column us_custom_f72e7f6e\" ><div class=\"wpb_wrapper\"><p>2050 ist die Urbanisierung noch weiter fortgeschritten und Wohnraum noch knapper als heute. Wir leben vermehrt in <strong>vernetzten, energieeffizienten und bedarfsoptimierten<\/strong> Hochh\u00e4usern. Mikroelektronik, die von \u00fcberall steuerbar ist, \u00fcbernimmt dann allt\u00e4gliche Aufgaben. Das <strong>Zuhause ist permanent online<\/strong>, denn das Internet der Dinge bestimmt das gesamte Leben: Sprachassistenten sind allt\u00e4gliche Begleiter, der K\u00fchlschrank bestellt fehlende Lebensmittel nach, der Saugroboter macht den Hausputz, der Herd gibt Kochanleitungen und die Wohnung reagiert auf unsere Stimmung. Auch die Heizung passt sich mithilfe von Sensoren automatisch an die aktuelle Raum- und K\u00f6rpertemperatur an.<\/p>\n<p>Sicher ist: Effizientes Heizen bleibt auch 2050 ein entscheidender Faktor, wenn es um eine <strong>klimaneutrale Lebensweise<\/strong> geht. Unter anderem sollen klimafreundliche Heizungen helfen, bis 2050 die Klimaneutralit\u00e4t in Deutschland zu erreichen. Wichtig sind nach wie vor auch mobile Apps, die es erm\u00f6glichen von \u00fcberall die Heizung zu regulieren und so Ressourcen zu sparen.<\/p>\n<\/div><\/div><\/div><\/div><\/div><div class=\"vc_col-sm-6 wpb_column vc_column_container\"><div class=\"vc_column-inner\"><div class=\"wpb_wrapper\"><div class=\"w-image us_custom_4b37d2f3 align_none animate_afr\"><div class=\"w-image-h\"><img width=\"3000\" height=\"2000\" src=\"https:\/\/luisaschaupp-studium.de\/wp-content\/uploads\/2021\/03\/AdobeStock_91685309_bb-2.jpg\" class=\"attachment-full size-full\" alt=\"\" loading=\"lazy\" srcset=\"https:\/\/luisaschaupp-studium.de\/wp-content\/uploads\/2021\/03\/AdobeStock_91685309_bb-2.jpg 3000w, https:\/\/luisaschaupp-studium.de\/wp-content\/uploads\/2021\/03\/AdobeStock_91685309_bb-2-300x200.jpg 300w, https:\/\/luisaschaupp-studium.de\/wp-content\/uploads\/2021\/03\/AdobeStock_91685309_bb-2-1024x683.jpg 1024w, https:\/\/luisaschaupp-studium.de\/wp-content\/uploads\/2021\/03\/AdobeStock_91685309_bb-2-1000x667.jpg 1000w, https:\/\/luisaschaupp-studium.de\/wp-content\/uploads\/2021\/03\/AdobeStock_91685309_bb-2-1100x733.jpg 1100w, https:\/\/luisaschaupp-studium.de\/wp-content\/uploads\/2021\/03\/AdobeStock_91685309_bb-2-600x400.jpg 600w, https:\/\/luisaschaupp-studium.de\/wp-content\/uploads\/2021\/03\/AdobeStock_91685309_bb-2-2000x1333.jpg 2000w\" sizes=\"(max-width: 3000px) 100vw, 3000px\" \/><\/div><\/div><\/div><\/div><\/div><\/div><\/div><\/section><section class=\"l-section wpb_row height_large with_img parallax_fixed with_overlay\" id=\"arbeiten\"><div class=\"l-section-img\" style=\"background-image: url(https:\/\/luisaschaupp-studium.de\/wp-content\/uploads\/2021\/03\/AdobeStock_124971673-scaled.jpg);background-position: center left;background-repeat: no-repeat;background-size: contain;\" data-img-width=\"4000\" data-img-height=\"2667\"><\/div><div class=\"l-section-overlay\" style=\"background: var(--color-header-transparent-bg)\"><\/div><div class=\"l-section-h i-cf\"><div class=\"g-cols vc_row type_default valign_top\"><div class=\"vc_col-sm-6 wpb_column vc_column_container\"><div class=\"vc_column-inner\"><div class=\"wpb_wrapper\"><\/div><\/div><\/div><div class=\"vc_col-sm-6 wpb_column vc_column_container with_overlay\"><div class=\"vc_column-inner\"><div class=\"vc_column-overlay\" style=\"background:var(--color-header-middle-bg)\"><\/div><div class=\"wpb_wrapper\"><h2 class=\"w-text us_custom_d5b5034d\"><span class=\"w-text-h\"><span class=\"w-text-value\">Wie arbeiten wir in der Zukunft?<\/span><\/span><\/h2><div class=\"wpb_text_column us_custom_10b78469\" ><div class=\"wpb_wrapper\"><p>Digitalisierung hat sich in Wirtschaft, Wissenschaft und Gesellschaft als der Change Maker schlechthin etabliert. <strong>Infrastrukturen, Arbeitsweisen und Kompetenzen stehen im Vordergrund<\/strong> vieler Debatten und bestimmen mehr und mehr die Zukunftsf\u00e4higkeit ganzer Branchen. Wir haben uns offenbar auf den<strong> permanenten Wandel bei zunehmender Beschleunigung eingelassen.<\/strong> Aber: Wo geht die Reise tats\u00e4chlich hin? Konstituieren sich Gemeinschaften ausschlie\u00dflich im Wechselspiel hybrider Realit\u00e4ten? Sind gro\u00dfe Datenmengen Bedrohung oder Chance? K\u00f6nnen wir diese \u00fcberhaupt verarbeiten oder bedarf es daf\u00fcr grundlegend ver\u00e4nderter Werkzeuge und Methoden \u2013 wie Visual Analytics, Virtuelle Rekonstruktion, Virtual Engineering, virtueller Assistenten und kooperativer VR? Waren IT-Innovationen bis vor kurzem etwas f\u00fcr Digital-Experten so sind hybride Gemeinschaften in virtuellen Realit\u00e4ten mittlerweile Alltag. Digitalisierung bedeutet<strong> neue M\u00f6glichkeiten f\u00fcr \u00d6ffnung, Transparenz und Partizipation.<\/strong><\/p>\n<\/div><\/div><\/div><\/div><\/div><\/div><\/div><\/section><section class=\"l-section wpb_row height_large\" id=\"lernen\"><div class=\"l-section-h i-cf\"><div class=\"g-cols vc_row type_default valign_top\"><div class=\"vc_col-sm-12 wpb_column vc_column_container\"><div class=\"vc_column-inner\"><div class=\"wpb_wrapper\"><h2 class=\"w-text us_custom_a732406a\"><span class=\"w-text-h\"><span class=\"w-text-value\">Wie lernen wir in der Zukunft?<\/span><\/span><\/h2><\/div><\/div><\/div><div class=\"vc_col-sm-6 wpb_column vc_column_container\"><div class=\"vc_column-inner\"><div class=\"wpb_wrapper\"><div class=\"wpb_text_column us_custom_b773fcd1\" ><div class=\"wpb_wrapper\"><p>Ein Professor einer Pr\u00e4senzuniversit\u00e4t stellte neulich die These auf, dass an unseren Universit\u00e4ten in zehn, sp\u00e4testens zwanzig Jahren nur noch<strong> online, virtuell und interaktiv gelehrt<\/strong> werden w\u00fcrde. Schon heute kleben viele Studierende sprichw\u00f6rtlich hinter Ihren Laptops oder Smartphones \u2013 auch in den Vorlesungen. Aber zuk\u00fcnftig w\u00fcrden Algorithmen f\u00fcr die richtige Studienfachwahl sorgen und Automaten die Betreuung der Studierendenschaft \u00fcbernehmen. Studierende k\u00f6nnten dann <strong>effektiv \u00fcberall lernen:<\/strong> im Caf\u00e9 und am Strand. H\u00f6rs\u00e4le w\u00e4ren dann \u00fcberfl\u00fcssig. Und der Professor h\u00e4tte endlich genug Zeit f\u00fcr seine Forschung. Seinen Vortrag hat er bereits von seinem Ersatz er\u00f6ffnen lassen: einem \u00fcber die Leinwand h\u00fcpfenden und akrobatische \u00dcbungen machenden Avatar, den er innerhalb von 5 Minuten zusammengeklickt hatte.<\/p>\n<p>Liegt der Professor mit seiner Annahme richtig? Wird es dank Digitalisierung bald keine Pr\u00e4senzunis mehr geben? Wie wird sich die Lehre in Zukunft ver\u00e4ndern?<\/p>\n<\/div><\/div><\/div><\/div><\/div><div class=\"vc_col-sm-6 wpb_column vc_column_container\"><div class=\"vc_column-inner\"><div class=\"wpb_wrapper\"><div class=\"w-image us_custom_4b37d2f3 align_none animate_afr\"><div class=\"w-image-h\"><img width=\"1024\" height=\"683\" src=\"https:\/\/luisaschaupp-studium.de\/wp-content\/uploads\/2021\/03\/AdobeStock_103519056_b-1-1024x683.jpg\" class=\"attachment-large size-large\" alt=\"\" loading=\"lazy\" srcset=\"https:\/\/luisaschaupp-studium.de\/wp-content\/uploads\/2021\/03\/AdobeStock_103519056_b-1-1024x683.jpg 1024w, https:\/\/luisaschaupp-studium.de\/wp-content\/uploads\/2021\/03\/AdobeStock_103519056_b-1-300x200.jpg 300w, https:\/\/luisaschaupp-studium.de\/wp-content\/uploads\/2021\/03\/AdobeStock_103519056_b-1-1000x667.jpg 1000w, https:\/\/luisaschaupp-studium.de\/wp-content\/uploads\/2021\/03\/AdobeStock_103519056_b-1-600x400.jpg 600w, https:\/\/luisaschaupp-studium.de\/wp-content\/uploads\/2021\/03\/AdobeStock_103519056_b-1-1100x734.jpg 1100w, https:\/\/luisaschaupp-studium.de\/wp-content\/uploads\/2021\/03\/AdobeStock_103519056_b-1-1200x801.jpg 1200w, https:\/\/luisaschaupp-studium.de\/wp-content\/uploads\/2021\/03\/AdobeStock_103519056_b-1-2000x1335.jpg 2000w\" sizes=\"(max-width: 1024px) 100vw, 1024px\" \/><\/div><\/div><\/div><\/div><\/div><\/div><\/div><\/section><section class=\"l-section wpb_row height_large with_overlay\" id=\"fazit\"><div class=\"l-section-overlay\" style=\"background: var(--color-header-middle-text-hover)\"><\/div><div class=\"l-section-h i-cf\"><div class=\"g-cols vc_row type_default valign_top\"><div class=\"vc_col-sm-12 wpb_column vc_column_container\"><div class=\"vc_column-inner\"><div class=\"wpb_wrapper\"><h2 class=\"w-text us_custom_7bc90d73 has_text_color\"><span class=\"w-text-h\"><span class=\"w-text-value\">Fazit<\/span><\/span><\/h2><div class=\"wpb_text_column us_custom_98145499 has_text_color\" ><div class=\"wpb_wrapper\"><p>Die Beitr\u00e4ge zu den unterschiedlichen Lebenssituationen zeigen deutlich, dass sich unser Leben ver\u00e4ndern wird und wir uns darauf einstellen m\u00fcssen. Wie genau und was sich \u00e4ndern wird, bleibt weiterhin spekulativ. Es wird immer offene Fragen geben, worauf keiner eine Antwort haben wird. Die Richtung, wohin es gehen wird, k\u00f6nnen wir jedoch erahnen \u2013 <strong>Digitalisierung.<\/strong><\/p>\n<p>Wir merken auch, dass die Auswirkungen der derzeitigen Pandemie unser Leben in k\u00fcrzester Zeit grunds\u00e4tzlich ver\u00e4ndert. Uns bleibt nichts anderes \u00fcbrig als damit umzugehen. Dabei werden wir aber kreativ und\u00a0 k\u00f6nnen es als Chance f\u00fcr eine Weiterentwicklung sehen. Letztendlich bleibt es spannend zu beobachten, was die Zukunft f\u00fcr uns und unser Leben bringt und wie wir die Zukunft beeinflussen k\u00f6nnen.<\/p>\n<\/div><\/div><\/div><\/div><\/div><\/div><\/div><\/section><section class=\"l-section wpb_row height_large\" id=\"diplomahochschule\"><div class=\"l-section-h i-cf\"><div class=\"g-cols vc_row type_default valign_top\"><div class=\"vc_col-sm-12 wpb_column vc_column_container\"><div class=\"vc_column-inner\"><div class=\"wpb_wrapper\"><h2 class=\"w-text us_custom_63c30938\"><span class=\"w-text-h\"><span class=\"w-text-value\">Diploma Hochschule<\/span><\/span><\/h2><\/div><\/div><\/div><div class=\"vc_col-sm-6 wpb_column vc_column_container\"><div class=\"vc_column-inner\"><div class=\"wpb_wrapper\"><div class=\"wpb_text_column us_custom_546c0c70\" ><div class=\"wpb_wrapper\"><p>Die DIPLOMA Hochschule ist eine interdisziplin\u00e4r ausgerichtete Hochschule f\u00fcr angewandte Wissenschaften in unabh\u00e4ngiger privater Tr\u00e4gerschaft, die nach den Regularien des hessischen Hochschulrechts national wie international t\u00e4tig ist. Sie ist dauerhaft staatlich anerkannt und hat ihren Hauptsitz im nordhessischen Bad Sooden-Allendorf (bei G\u00f6ttingen). Im Fokus der Hochschule stehen praxisnahe Forschung sowie anwendungsnahe und innovative Studieng\u00e4nge in den Fachbereichen Wirtschaft, Recht, Gesundheit &amp; Soziales, Gestaltung &amp; Medien und Technik. Die Studieng\u00e4nge werden im Pr\u00e4senzstudium an den Hochschulstandorten Bad Sooden-Allendorf und Leipzig sowie im Fernstudium mit Vorlesungen und Pr\u00fcfungen an \u00fcber 20 Studienzentren in Deutschland angeboten.<\/p>\n<\/div><\/div><div class=\"w-image us_custom_4b37d2f3 align_none animate_afl\"><div class=\"w-image-h\"><img width=\"990\" height=\"557\" src=\"https:\/\/luisaschaupp-studium.de\/wp-content\/uploads\/2021\/03\/diploma-hochschule.jpg\" class=\"attachment-large size-large\" alt=\"\" loading=\"lazy\" srcset=\"https:\/\/luisaschaupp-studium.de\/wp-content\/uploads\/2021\/03\/diploma-hochschule.jpg 990w, https:\/\/luisaschaupp-studium.de\/wp-content\/uploads\/2021\/03\/diploma-hochschule-300x169.jpg 300w, https:\/\/luisaschaupp-studium.de\/wp-content\/uploads\/2021\/03\/diploma-hochschule-600x338.jpg 600w\" sizes=\"(max-width: 990px) 100vw, 990px\" \/><\/div><\/div><\/div><\/div><\/div><div class=\"vc_col-sm-6 wpb_column vc_column_container\"><div class=\"vc_column-inner\"><div class=\"wpb_wrapper\"><div class=\"w-image us_custom_d87a9e89 align_none animate_afr\"><div class=\"w-image-h\"><img width=\"1024\" height=\"660\" src=\"https:\/\/luisaschaupp-studium.de\/wp-content\/uploads\/2021\/03\/Diploma_Hochschule-4-1024x660.jpg\" class=\"attachment-large size-large\" alt=\"\" loading=\"lazy\" srcset=\"https:\/\/luisaschaupp-studium.de\/wp-content\/uploads\/2021\/03\/Diploma_Hochschule-4-1024x660.jpg 1024w, https:\/\/luisaschaupp-studium.de\/wp-content\/uploads\/2021\/03\/Diploma_Hochschule-4-300x193.jpg 300w, https:\/\/luisaschaupp-studium.de\/wp-content\/uploads\/2021\/03\/Diploma_Hochschule-4-600x387.jpg 600w, https:\/\/luisaschaupp-studium.de\/wp-content\/uploads\/2021\/03\/Diploma_Hochschule-4.jpg 1200w\" sizes=\"(max-width: 1024px) 100vw, 1024px\" \/><\/div><\/div><div class=\"wpb_text_column us_custom_46a93aeb\" ><div class=\"wpb_wrapper\"><p>Die DIPLOMA tritt f\u00fcr die Freiheit von Lehre, Forschung, Studium und Weiterbildung, f\u00fcr den technischen Fortschritt, f\u00fcr Gerechtigkeit, Bildung und \u00f6kologisch nachhaltige Verantwortung ein. Ihr Anspruch ist ein respektvoller und wertsch\u00e4tzender Umgang mit s\u00e4mtlichen Mitgliedern der Hochschule. Die DIPLOMA achtet auf die Gleichstellung von M\u00e4nnern und Frauen, von Menschen mit Beeintr\u00e4chtigung oder chronischen Krankheiten und lehnt Diskriminierung jeglicher Art ab. In ihrem Tun stehen ihre Studierenden im Mittelpunkt, und es ist ihr Ziel, ihnen Br\u00fccken f\u00fcr ihren pers\u00f6nlichen Erfolg zu bauen.<\/p>\n<\/div><\/div><\/div><\/div><\/div><\/div><\/div><\/section>\n","protected":false},"excerpt":{"rendered":"","protected":false},"author":1,"featured_media":0,"parent":0,"menu_order":0,"comment_status":"closed","ping_status":"closed","template":"","meta":[],"_links":{"self":[{"href":"https:\/\/luisaschaupp-studium.de\/index.php?rest_route=\/wp\/v2\/pages\/45"}],"collection":[{"href":"https:\/\/luisaschaupp-studium.de\/index.php?rest_route=\/wp\/v2\/pages"}],"about":[{"href":"https:\/\/luisaschaupp-studium.de\/index.php?rest_route=\/wp\/v2\/types\/page"}],"author":[{"embeddable":true,"href":"https:\/\/luisaschaupp-studium.de\/index.php?rest_route=\/wp\/v2\/users\/1"}],"replies":[{"embeddable":true,"href":"https:\/\/luisaschaupp-studium.de\/index.php?rest_route=%2Fwp%2Fv2%2Fcomments&post=45"}],"version-history":[{"count":378,"href":"https:\/\/luisaschaupp-studium.de\/index.php?rest_route=\/wp\/v2\/pages\/45\/revisions"}],"predecessor-version":[{"id":656,"href":"https:\/\/luisaschaupp-studium.de\/index.php?rest_route=\/wp\/v2\/pages\/45\/revisions\/656"}],"wp:attachment":[{"href":"https:\/\/luisaschaupp-studium.de\/index.php?rest_route=%2Fwp%2Fv2%2Fmedia&parent=45"}],"curies":[{"name":"wp","href":"https:\/\/api.w.org\/{rel}","templated":true}]}}