{"id":468,"date":"2021-04-12T19:53:26","date_gmt":"2021-04-12T19:53:26","guid":{"rendered":"https:\/\/luisaschaupp-studium.de\/?page_id=468"},"modified":"2021-04-22T09:34:55","modified_gmt":"2021-04-22T09:34:55","slug":"impressum","status":"publish","type":"page","link":"https:\/\/luisaschaupp-studium.de\/?page_id=468","title":{"rendered":"Impressum"},"content":{"rendered":"<section class=\"l-section wpb_row height_large\"><div class=\"l-section-h i-cf\"><div class=\"g-cols vc_row type_default valign_top\"><div class=\"vc_col-sm-12 wpb_column vc_column_container\"><div class=\"vc_column-inner\"><div class=\"wpb_wrapper\"><div class=\"wpb_text_column\" ><div class=\"wpb_wrapper\"><section class=\"l-section height_custom\">\n<div class=\"l-section-h i-cf\">\n<p><strong>Tr\u00e4ger und Herausgeber dieser Website:<\/strong><\/p>\n<p>DIPLOMA Private Hochschulgesellschaft mbH<br \/>\nAm Hegeberg 2<br \/>\n37242 Bad Sooden-Allendorf<\/p>\n<p>Telefon: +49 5722 28699732<br \/>\nTelefax: +49 5722 28699733<br \/>\nE-Mail:\u00a0<a href=\"mailto:info@diploma.de\">info@diploma.de<\/a><\/p>\n<p><strong>Vertreten durch:<\/strong><\/p>\n<p>Gesch\u00e4ftsf\u00fchrer Prof. Dr. Andreas Blindow<\/p>\n<p><strong>Registereintrag:<\/strong><\/p>\n<p>Eingetragen im Handelsregister.<br \/>\nRegistergericht: AG Leipzig<br \/>\nRegisternummer: HRB 9339<\/p>\n<p><strong>Aufsichtsbeh\u00f6rde:\u00a0<\/strong><\/p>\n<p>Hessisches Ministerium f\u00fcr Wissenschaft und Kunst<\/p>\n<p><strong>Verantwortlich i.S.d. \u00a7 18 Abs. 2 MStV<\/strong><\/p>\n<p>Prof. Dr. Andreas Blindow, Anschrift wie vor<\/p>\n<p><strong>Verantwortlich im Sinne der Herausgebers:<\/strong><\/p>\n<p>Prof. Dr. B\u00e4rbel K\u00fchne<br \/>\nDekanin des Fachbereich Gestaltung und Medien<br \/>\nE-Mail: baerbel.kuehne@diploma.de<\/p>\n<p><strong>Gestaltung und Programmierung:<\/strong><\/p>\n<p>Luisa Schaupp, Studentin Grafik-Design an der Diploma Hochschule<\/p>\n<p><strong>Disclaimer \u2013 rechtliche Hinweise<\/strong><\/p>\n<p>\u00a7 1 Haftungsbeschr\u00e4nkung<\/p>\n<p>Die Inhalte dieser Website werden mit gr\u00f6\u00dftm\u00f6glicher Sorgfalt erstellt. Der Anbieter \u00fcbernimmt jedoch keine Gew\u00e4hr f\u00fcr die Richtigkeit, Vollst\u00e4ndigkeit und Aktualit\u00e4t der bereitgestellten Inhalte. Die Nutzung der Inhalte der Website erfolgt auf eigene Gefahr des Nutzers. Namentlich gekennzeichnete Beitr\u00e4ge geben die Meinung des jeweiligen Autors und nicht immer die Meinung des Anbieters wieder. Mit der reinen Nutzung der Website des Anbieters kommt keinerlei Vertragsverh\u00e4ltnis zwischen dem Nutzer und dem Anbieter zustande.<\/p>\n<p>\u00a7 2 Externe Links<\/p>\n<p>Diese Website enth\u00e4lt Verkn\u00fcpfungen zu Websites Dritter (\u201eexterne Links\u201c). Diese Websites unterliegen der Haftung der jeweiligen Betreiber. Der Anbieter hat bei der erstmaligen Verkn\u00fcpfung der externen Links die fremden Inhalte daraufhin \u00fcberpr\u00fcft, ob etwaige Rechtsverst\u00f6\u00dfe bestehen. Zu dem Zeitpunkt waren keine Rechtsverst\u00f6\u00dfe ersichtlich. Der Anbieter hat keinerlei Einfluss auf die aktuelle und zuk\u00fcnftige Gestaltung und auf die Inhalte der verkn\u00fcpften Seiten. Das Setzen von externen Links bedeutet nicht, dass sich der Anbieter die hinter dem Verweis oder Link liegenden Inhalte zu Eigen macht. Eine st\u00e4ndige Kontrolle der externen Links ist f\u00fcr den Anbieter ohne konkrete Hinweise auf Rechtsverst\u00f6\u00dfe nicht zumutbar. Bei Kenntnis von Rechtsverst\u00f6\u00dfen werden jedoch derartige externe Links unverz\u00fcglich gel\u00f6scht.<\/p>\n<p>\u00a7 3 Urheber- und Leistungsschutzrechte<\/p>\n<p>Die auf dieser Website ver\u00f6ffentlichten Inhalte unterliegen dem deutschen Urheber- und Leistungsschutzrecht. Jede vom deutschen Urheber- und Leistungsschutzrecht nicht zugelassene Verwertung bedarf der vorherigen schriftlichen Zustimmung des Anbieters oder jeweiligen Rechteinhabers. Dies gilt insbesondere f\u00fcr Vervielf\u00e4ltigung, Bearbeitung, \u00dcbersetzung, Einspeicherung, Verarbeitung bzw. Wiedergabe von Inhalten in Datenbanken oder anderen elektronischen Medien und Systemen. Inhalte und Rechte Dritter sind dabei als solche gekennzeichnet. Die unerlaubte Vervielf\u00e4ltigung oder Weitergabe einzelner Inhalte oder kompletter Seiten ist nicht gestattet und strafbar. Lediglich die Herstellung von Kopien und Downloads f\u00fcr den pers\u00f6nlichen, privaten und nicht kommerziellen Gebrauch ist erlaubt.<\/p>\n<p>Die Darstellung dieser Website in fremden Frames ist nur mit schriftlicher Erlaubnis zul\u00e4ssig.<\/p>\n<p>\u00a7 4 Besondere Nutzungsbedingungen<\/p>\n<p>Soweit besondere Bedingungen f\u00fcr einzelne Nutzungen dieser Website von den vorgenannten Paragraphen abweichen, wird an entsprechender Stelle ausdr\u00fccklich darauf hingewiesen. In diesem Falle gelten im jeweiligen Einzelfall die besonderen Nutzungsbedingungen.<\/p>\n<\/div>\n<\/section>\n<p>\u00a0<\/p>\n<\/div><\/div><\/div><\/div><\/div><\/div><\/div><\/section>\n","protected":false},"excerpt":{"rendered":"Tr\u00e4ger und Herausgeber dieser Website: DIPLOMA Private Hochschulgesellschaft mbH Am Hegeberg 2 37242 Bad Sooden-Allendorf Telefon: +49 5722 28699732 Telefax: +49 5722 28699733 E-Mail:\u00a0info@diploma.de Vertreten durch: Gesch\u00e4ftsf\u00fchrer Prof. Dr. Andreas Blindow Registereintrag: Eingetragen im Handelsregister. Registergericht: AG Leipzig Registernummer: HRB 9339 Aufsichtsbeh\u00f6rde:\u00a0 Hessisches Ministerium f\u00fcr Wissenschaft und Kunst Verantwortlich i.S.d. \u00a7 18 Abs. 2 MStV...","protected":false},"author":1,"featured_media":0,"parent":45,"menu_order":0,"comment_status":"closed","ping_status":"closed","template":"","meta":[],"_links":{"self":[{"href":"https:\/\/luisaschaupp-studium.de\/index.php?rest_route=\/wp\/v2\/pages\/468"}],"collection":[{"href":"https:\/\/luisaschaupp-studium.de\/index.php?rest_route=\/wp\/v2\/pages"}],"about":[{"href":"https:\/\/luisaschaupp-studium.de\/index.php?rest_route=\/wp\/v2\/types\/page"}],"author":[{"embeddable":true,"href":"https:\/\/luisaschaupp-studium.de\/index.php?rest_route=\/wp\/v2\/users\/1"}],"replies":[{"embeddable":true,"href":"https:\/\/luisaschaupp-studium.de\/index.php?rest_route=%2Fwp%2Fv2%2Fcomments&post=468"}],"version-history":[{"count":3,"href":"https:\/\/luisaschaupp-studium.de\/index.php?rest_route=\/wp\/v2\/pages\/468\/revisions"}],"predecessor-version":[{"id":582,"href":"https:\/\/luisaschaupp-studium.de\/index.php?rest_route=\/wp\/v2\/pages\/468\/revisions\/582"}],"up":[{"embeddable":true,"href":"https:\/\/luisaschaupp-studium.de\/index.php?rest_route=\/wp\/v2\/pages\/45"}],"wp:attachment":[{"href":"https:\/\/luisaschaupp-studium.de\/index.php?rest_route=%2Fwp%2Fv2%2Fmedia&parent=468"}],"curies":[{"name":"wp","href":"https:\/\/api.w.org\/{rel}","templated":true}]}}